{"id":3588,"date":"2021-02-06T18:18:42","date_gmt":"2021-02-06T18:18:42","guid":{"rendered":"http:\/\/anod.spinexfarm.ro\/?page_id=3588"},"modified":"2023-11-19T21:37:58","modified_gmt":"2023-11-19T21:37:58","slug":"despre-noi","status":"publish","type":"page","link":"https:\/\/anodstrategic.ro\/index.php\/despre-noi\/","title":{"rendered":"DESPRE NOI"},"content":{"rendered":"\t\t<div data-elementor-type=\"wp-page\" data-elementor-id=\"3588\" class=\"elementor elementor-3588\">\n\t\t\t\t\t\t<section class=\"elementor-section elementor-top-section elementor-element elementor-element-26807565 elementor-section-boxed elementor-section-height-default elementor-section-height-default\" data-id=\"26807565\" data-element_type=\"section\" data-e-type=\"section\">\n\t\t\t\t\t\t<div class=\"elementor-container elementor-column-gap-default\">\n\t\t\t\t\t<div class=\"elementor-column elementor-col-100 elementor-top-column elementor-element elementor-element-5aa7a70f\" data-id=\"5aa7a70f\" data-element_type=\"column\" data-e-type=\"column\">\n\t\t\t<div class=\"elementor-widget-wrap elementor-element-populated\">\n\t\t\t\t\t\t<div class=\"elementor-element elementor-element-6cb37b74 elementor-widget elementor-widget-text-editor\" data-id=\"6cb37b74\" data-element_type=\"widget\" data-e-type=\"widget\" data-widget_type=\"text-editor.default\">\n\t\t\t\t<div class=\"elementor-widget-container\">\n\t\t\t\t\t\t\t\t\t<p><\/p>\n<p class=\"has-text-align-left\">Echipa Anod Strategic Consulting \u00ee\u0219i propune \u00een primul r\u00e2nd sprijinirea comunit\u0103\u021bilor locale prin valorificarea experien\u021bei profesionale cumulate de peste 20 de ani \u00een administra\u021bia public\u0103 local\u0103 \u0219i dore\u0219te s\u0103 contribuie<span style=\"color: var( --e-global-color-text ); font-family: var( --e-global-typography-text-font-family ), Sans-serif; font-weight: var( --e-global-typography-text-font-weight ); font-size: 1em;\">&nbsp;la dezvoltarea sustenabil\u0103 a&nbsp; jude\u021bului Bihor prin serviciile integrate oferite at\u00e2t entit\u0103\u021bilor private c\u00e2t \u0219i celor publice.<\/span><\/p>\n<p><\/p>\t\t\t\t\t\t\t\t<\/div>\n\t\t\t\t<\/div>\n\t\t\t\t\t<\/div>\n\t\t<\/div>\n\t\t\t\t\t<\/div>\n\t\t<\/section>\n\t\t\t\t<section class=\"elementor-section elementor-top-section elementor-element elementor-element-90e65fd elementor-section-boxed elementor-section-height-default elementor-section-height-default\" data-id=\"90e65fd\" data-element_type=\"section\" data-e-type=\"section\">\n\t\t\t\t\t\t<div class=\"elementor-container elementor-column-gap-default\">\n\t\t\t\t\t<div class=\"elementor-column elementor-col-100 elementor-top-column elementor-element elementor-element-5e39749\" data-id=\"5e39749\" data-element_type=\"column\" data-e-type=\"column\">\n\t\t\t<div class=\"elementor-widget-wrap elementor-element-populated\">\n\t\t\t\t\t\t<div class=\"elementor-element elementor-element-33f1f35 elementor-widget elementor-widget-text-editor\" data-id=\"33f1f35\" data-element_type=\"widget\" data-e-type=\"widget\" data-widget_type=\"text-editor.default\">\n\t\t\t\t<div class=\"elementor-widget-container\">\n\t\t\t\t\t\t\t\t\t<h3><strong>Perecz Hajnal Adel, consultant<\/strong><\/h3>\n<p><strong>Experien<\/strong><strong>\u021b\u0103 profesional\u0103: <\/strong><\/p>\n<p><strong>2021 \u2013 prezent: Antreprenor<\/strong><\/p>\n<p><strong>2003 \u2013 2020: Consilier<\/strong> la Consiliul Jude\u021bean Bihor, \u00een domeniile de cooperare interna\u021bional\u0103, proiecte europene, resurse umane, institu\u021bii finan\u021bate direct<\/p>\n<p><strong>2002 \u2013 2003: Operator date, traduc\u0103tor<\/strong> la S.C. Infoteam S.R.L.<\/p>\n<p><strong>2001 \u2013 2002: Profesor <\/strong>de limb\u0103 \u0219i literatur\u0103 maghiar\u0103 la \u0218coala \u201dArany Janos\u201d Salonta<\/p>\n<p><strong>Experin\u021b\u0103 <\/strong><strong>proiecte :<\/strong><\/p>\n<ul>\n<li><strong>Asistent Manager\u00a0 <\/strong>\u00een\u00a0 \u201e<em>Proiect integrat pentru dezvoltare durabil\u0103 \u00een zona montan\u0103 a jude\u021bului Bihor, \u00eembun\u0103t\u0103\u021birea accesului \u0219i dezvolt\u0103rii serviciilor de s\u0103n\u0103tate \u00een caz de interven\u021bii medicale \u00een situa\u021bii de urgen\u021b\u0103\u201d \u2013 <u>Faza de aplica\u021bie complet\u0103<\/u><\/em><strong> &#8211; <\/strong>ROHU449, \u0219i <em><u>Faza de not\u0103 conceptual\u0103<\/u><\/em> <strong>\u2013 <\/strong>ROHU275,\n<ul>\n<li>Implementare: 2018 \u2013 2022<\/li>\n<li>Buget: aprox. 9.800.000 euro<\/li>\n<li>Finan\u021bat prin Programul de Cooperare Transfrontalier\u0103 Rom\u00e2nia-Ungaria 2014-2021<\/li>\n<\/ul>\n<\/li>\n<li><strong>Expert raportare <\/strong>\u00een proiectul \u201eP<em>rotec\u021bia naturii de ambele p\u0103r\u021bi ale frontierei rom\u00e2no-maghiare\u00a0 PRONATURE\u201d<\/em> &#8211; ROHU126,\n<ul>\n<li>Implementare: 2018 \u2013 2022<\/li>\n<li>Buget: 371.341,20 euro<\/li>\n<li>Finan\u021bat prin Programul de Cooperare Transfrontalier\u0103 Rom\u00e2nia-Ungaria 2014-2021<\/li>\n<\/ul>\n<\/li>\n<li><strong>Expert implementare<\/strong> \u00een proiectul <em>\u201dProducere energie electric\u0103 prin valorificarea resurselor energetice regenerabile -biomas\u0103, \u00een localitatea S\u0103cuieni, jude\u0163ul Bihor\u201d<\/em>,\n<ul>\n<li>Implementare: 2013 \u2013 2016<\/li>\n<li>Buget: 23.681.269,87 lei<\/li>\n<li>Finan\u021bat prin programul POSCCE 2207-2013<\/li>\n<\/ul>\n<\/li>\n<li><strong>Asistent manager<\/strong> \u00een\u00a0 proiectul <em>\u201d<\/em><em>Lume f\u0103r\u0103 frontiere \u2013\u00a0 re\u021bea de fibr\u0103 optic\u0103 \u00een Microregiunea B\u00e9k\u00e9s \u0219i jude\u021bul Bihor\u201d<\/em><strong><em>, <\/em><\/strong>HURO\/1101\/002\/1.2.1,\n<ul>\n<li>Implementare: 2013 \u2013 2015<\/li>\n<li>Buget: 1,042,524 euro<\/li>\n<li>Finan\u021bat prin Programul de Cooperare Transfrontalier\u0103 Ungaria-Rom\u00e2nia 2007-2013<\/li>\n<\/ul>\n<\/li>\n<li><strong>Asistent manager<\/strong> \u00een\u00a0 proiectul <em>BIHARMED \u201dContribu\u021bie la serviciile de s\u0103n\u0103tate ale jude\u021belor Bihor\u201d<\/em> HURO\/0802\/082_AF\u00a0\n<ul>\n<li>Implementare : 2011 \u2013 2013<\/li>\n<li>Buget: 9.599.676 lei<\/li>\n<li>Finan\u021bat prin Programul de Cooperare Transfrontalier\u0103 Ungaria-Rom\u00e2nia 2007-2013<\/li>\n<\/ul>\n<\/li>\n<li><strong>Participare la elaborarea \u0219i depunerea proiectului: <\/strong><em>\u201eOptimizarea procesului decizional la Consiliul Jude\u021bean Bihor &#8211;<\/em> OPD\u201d, finan\u021bat prin programul POCA, Cod MySMIS 129525, buget: 2.653.947,06 lei, aflat \u00een implementare.<\/li>\n<\/ul>\t\t\t\t\t\t\t\t<\/div>\n\t\t\t\t<\/div>\n\t\t\t\t\t<\/div>\n\t\t<\/div>\n\t\t\t\t\t<\/div>\n\t\t<\/section>\n\t\t\t\t<\/div>\n\t\t","protected":false},"excerpt":{"rendered":"<p>Echipa Anod Strategic Consulting \u00ee\u0219i propune \u00een primul r\u00e2nd sprijinirea comunit\u0103\u021bilor locale prin valorificarea experien\u021bei profesionale cumulate de peste 20 de ani \u00een administra\u021bia public\u0103 local\u0103 \u0219i dore\u0219te s\u0103 contribuie&nbsp;la dezvoltarea sustenabil\u0103 a&nbsp; jude\u021bului Bihor prin serviciile integrate oferite at\u00e2t entit\u0103\u021bilor private c\u00e2t \u0219i celor publice. Perecz Hajnal Adel, consultant Experien\u021b\u0103 profesional\u0103: 2021 \u2013 prezent: Antreprenor 2003 \u2013 2020: Consilier la Consiliul Jude\u021bean Bihor, \u00een domeniile de cooperare interna\u021bional\u0103, proiecte europene, resurse umane, institu\u021bii finan\u021bate direct 2002 \u2013 2003: Operator&hellip;<\/p>\n","protected":false},"author":1,"featured_media":0,"parent":0,"menu_order":0,"comment_status":"closed","ping_status":"closed","template":"","meta":{"_monsterinsights_skip_tracking":false,"_monsterinsights_sitenote_active":false,"_monsterinsights_sitenote_note":"","_monsterinsights_sitenote_category":0,"footnotes":""},"class_list":["post-3588","page","type-page","status-publish","hentry"],"_links":{"self":[{"href":"https:\/\/anodstrategic.ro\/index.php\/wp-json\/wp\/v2\/pages\/3588","targetHints":{"allow":["GET"]}}],"collection":[{"href":"https:\/\/anodstrategic.ro\/index.php\/wp-json\/wp\/v2\/pages"}],"about":[{"href":"https:\/\/anodstrategic.ro\/index.php\/wp-json\/wp\/v2\/types\/page"}],"author":[{"embeddable":true,"href":"https:\/\/anodstrategic.ro\/index.php\/wp-json\/wp\/v2\/users\/1"}],"replies":[{"embeddable":true,"href":"https:\/\/anodstrategic.ro\/index.php\/wp-json\/wp\/v2\/comments?post=3588"}],"version-history":[{"count":158,"href":"https:\/\/anodstrategic.ro\/index.php\/wp-json\/wp\/v2\/pages\/3588\/revisions"}],"predecessor-version":[{"id":3785,"href":"https:\/\/anodstrategic.ro\/index.php\/wp-json\/wp\/v2\/pages\/3588\/revisions\/3785"}],"wp:attachment":[{"href":"https:\/\/anodstrategic.ro\/index.php\/wp-json\/wp\/v2\/media?parent=3588"}],"curies":[{"name":"wp","href":"https:\/\/api.w.org\/{rel}","templated":true}]}}